{"id":993,"date":"2018-11-15T05:55:42","date_gmt":"2018-11-15T05:55:42","guid":{"rendered":"https:\/\/europa-center-berlin.de\/?page_id=993"},"modified":"2025-06-18T21:00:11","modified_gmt":"2025-06-18T19:00:11","slug":"imprint-2","status":"publish","type":"page","link":"https:\/\/europa-center-berlin.de\/en\/impressum-2\/","title":{"rendered":"Imprint"},"content":{"rendered":"<p><b>Organisation and press<\/b><br \/>\nEuropa Center advertising association<br \/>\nMs Susann Schurig<br \/>\nTauentzienstr. 9-12<br \/>\n10789 Berlin<\/p>\n<p>Tel: <a href=\"tel:+49302649580\">+49 30 264 95 8 - 0<\/a><br \/>\nEmail:\u00a0<a class=\"mail\" href=\"mailto:info@europa-center-berlin.de\">info@europa-center-berlin.de<\/a><br \/>\nURL:\u00a0<a title=\"Opens an internal link in the current window\" href=\"https:\/\/europa-center-berlin.de\/en\/\">www.europa-center-berlin.de<\/a><\/p>\n<p><b>Leasing of offices and shops<\/b><br \/>\nEUROPAHAUS Grundst\u00fccksgesellschaft mbH &amp; Co KG<br \/>\nErnst-Reuter-Platz 10<br \/>\n10587 Berlin<\/p>\n<p>Tel: <a href=\"tel:+49302649580\">+49 30 264 95 8 - 0<\/a><\/p>\n<p>Managing directors: Christian and Patrick Pepper, Steffen Tersch<br \/>\nCompetent supervisory authority: Berlin Charlottenburg Local Court<br \/>\nCommercial register: EUROPAHAUS Grundst\u00fccksgesellschaft KG, HRA 3<br \/>\nEUROPAHAUS Grundst\u00fccksgesellschaft GmbH, HRB 2514<br \/>\nVAT ID DE136667559 You can also rent offices in the Office Tower next to the Europa Center.<br \/>\nYou can find more information on the website of the\u00a0<a class=\"external-link-new-window\" href=\"http:\/\/www.office-tower-berlin.de\/\" target=\"_blank\" rel=\"noopener noreferrer\">Office Towers<\/a>.<\/p>\n<p><b>Administration, SEO and maintenance of the website<\/b><br \/>\nSRK-Consulting<br \/>\nFritz-Reuter-Str. 49<br \/>\n15859 Storkow (Mark)<\/p>\n<p>Tel: <a href=\"tel:+493057704846\">+49 30 57704846<\/a><br \/>\nE-mail:\u00a0<a href=\"mailto:info@srk-consulting.de\">info@srk-consulting.de<\/a><br \/>\nURL:\u00a0<a href=\"https:\/\/srk-consulting.de\">https:\/\/srk-consulting.de<\/a><\/p>\n<p><b>List of figures<\/b><\/p>\n<p>The photo for the subpage \"Transport links\" was provided by Berliner Verkehrsbetriebe (BVG), Mr Donath.<\/p>\n<p>The photo for the subpage \"Sights\" was provided by Zoologischer Garten Berlin Aktiengesellschaft (Zoo Berlin).<\/p>\n<p>The photos of the shops and tenants of the Europa Center were taken by Fotostudio Bastian or provided by the shops themselves.<\/p>","protected":false},"excerpt":{"rendered":"<p>Organisation und Presse Werbegemeinschaft Europa Center Frau Susann Schurig Tauentzienstr. 9-12 10789 Berlin Tel: +49 30 264 95 8 \u2013 0 Email:\u00a0info@europa-center-berlin.de URL:\u00a0www.europa-center-berlin.de Vermietung von B\u00fcros und Ladengesch\u00e4ften EUROPAHAUS Grundst\u00fccksgesellschaft mbH &amp; Co KG Ernst-Reuter-Platz 10 10587 Berlin Tel: +49 30 264 95 8 \u2013 0 Gesch\u00e4ftsf\u00fchrer: Christian und Patrick Pepper, Steffen Tersch Zust\u00e4ndige Aufsichtsbeh\u00f6rde: [&hellip;]<\/p>\n","protected":false},"author":1,"featured_media":0,"parent":0,"menu_order":0,"comment_status":"closed","ping_status":"closed","template":"","meta":{"inline_featured_image":false,"_monsterinsights_skip_tracking":false,"_monsterinsights_sitenote_active":false,"_monsterinsights_sitenote_note":"","_monsterinsights_sitenote_category":0,"footnotes":""},"class_list":["post-993","page","type-page","status-publish","hentry"],"publishpress_future_action":{"enabled":false,"date":"2026-05-15 13:31:07","action":"change-status","newStatus":"draft","terms":[],"taxonomy":"","extraData":[]},"publishpress_future_workflow_manual_trigger":{"enabledWorkflows":[]},"_links":{"self":[{"href":"https:\/\/europa-center-berlin.de\/en\/wp-json\/wp\/v2\/pages\/993","targetHints":{"allow":["GET"]}}],"collection":[{"href":"https:\/\/europa-center-berlin.de\/en\/wp-json\/wp\/v2\/pages"}],"about":[{"href":"https:\/\/europa-center-berlin.de\/en\/wp-json\/wp\/v2\/types\/page"}],"author":[{"embeddable":true,"href":"https:\/\/europa-center-berlin.de\/en\/wp-json\/wp\/v2\/users\/1"}],"replies":[{"embeddable":true,"href":"https:\/\/europa-center-berlin.de\/en\/wp-json\/wp\/v2\/comments?post=993"}],"version-history":[{"count":0,"href":"https:\/\/europa-center-berlin.de\/en\/wp-json\/wp\/v2\/pages\/993\/revisions"}],"wp:attachment":[{"href":"https:\/\/europa-center-berlin.de\/en\/wp-json\/wp\/v2\/media?parent=993"}],"curies":[{"name":"wp","href":"https:\/\/api.w.org\/{rel}","templated":true}]}}