{"id":991,"date":"2018-11-15T05:41:22","date_gmt":"2018-11-15T05:41:22","guid":{"rendered":"https:\/\/europa-center-berlin.de\/?page_id=991"},"modified":"2025-06-18T20:58:16","modified_gmt":"2025-06-18T18:58:16","slug":"contact","status":"publish","type":"page","link":"https:\/\/europa-center-berlin.de\/en\/information\/kontakt\/","title":{"rendered":"Contact"},"content":{"rendered":"\t\t<div data-elementor-type=\"wp-page\" data-elementor-id=\"991\" class=\"elementor elementor-991\" data-elementor-post-type=\"page\">\n\t\t\t\t\t\t<section class=\"elementor-section elementor-top-section elementor-element elementor-element-556de07 elementor-section-content-middle elementor-section-boxed elementor-section-height-default elementor-section-height-default\" data-id=\"556de07\" data-element_type=\"section\" data-e-type=\"section\" data-settings=\"{&quot;jet_parallax_layout_list&quot;:[{&quot;jet_parallax_layout_image&quot;:{&quot;url&quot;:&quot;&quot;,&quot;id&quot;:&quot;&quot;,&quot;size&quot;:&quot;&quot;},&quot;_id&quot;:&quot;4a34435&quot;,&quot;jet_parallax_layout_image_tablet&quot;:{&quot;url&quot;:&quot;&quot;,&quot;id&quot;:&quot;&quot;,&quot;size&quot;:&quot;&quot;},&quot;jet_parallax_layout_image_mobile&quot;:{&quot;url&quot;:&quot;&quot;,&quot;id&quot;:&quot;&quot;,&quot;size&quot;:&quot;&quot;},&quot;jet_parallax_layout_speed&quot;:{&quot;unit&quot;:&quot;%&quot;,&quot;size&quot;:50,&quot;sizes&quot;:[]},&quot;jet_parallax_layout_type&quot;:&quot;scroll&quot;,&quot;jet_parallax_layout_direction&quot;:&quot;1&quot;,&quot;jet_parallax_layout_fx_direction&quot;:null,&quot;jet_parallax_layout_z_index&quot;:&quot;&quot;,&quot;jet_parallax_layout_bg_x&quot;:50,&quot;jet_parallax_layout_bg_x_tablet&quot;:&quot;&quot;,&quot;jet_parallax_layout_bg_x_mobile&quot;:&quot;&quot;,&quot;jet_parallax_layout_bg_y&quot;:50,&quot;jet_parallax_layout_bg_y_tablet&quot;:&quot;&quot;,&quot;jet_parallax_layout_bg_y_mobile&quot;:&quot;&quot;,&quot;jet_parallax_layout_bg_size&quot;:&quot;auto&quot;,&quot;jet_parallax_layout_bg_size_tablet&quot;:&quot;&quot;,&quot;jet_parallax_layout_bg_size_mobile&quot;:&quot;&quot;,&quot;jet_parallax_layout_animation_prop&quot;:&quot;transform&quot;,&quot;jet_parallax_layout_on&quot;:[&quot;desktop&quot;,&quot;tablet&quot;]}]}\">\n\t\t\t\t\t\t<div class=\"elementor-container elementor-column-gap-default\">\n\t\t\t\t\t<div class=\"elementor-column elementor-col-100 elementor-top-column elementor-element elementor-element-afda71e\" data-id=\"afda71e\" data-element_type=\"column\" data-e-type=\"column\">\n\t\t\t<div class=\"elementor-widget-wrap elementor-element-populated\">\n\t\t\t\t\t\t<div class=\"elementor-element elementor-element-226759b elementor-hidden-mobile elementor-widget elementor-widget-image\" data-id=\"226759b\" data-element_type=\"widget\" data-e-type=\"widget\" data-widget_type=\"image.default\">\n\t\t\t\t<div class=\"elementor-widget-container\">\n\t\t\t\t\t\t\t\t\t\t\t\t\t\t\t<img fetchpriority=\"high\" decoding=\"async\" width=\"1280\" height=\"549\" src=\"https:\/\/europa-center-berlin.de\/wp-content\/uploads\/2021\/12\/Europa-Center-Berlin_20190225_IMG_9780_21_9.jpg\" class=\"attachment-full size-full wp-image-9048\" alt=\"\" srcset=\"https:\/\/europa-center-berlin.de\/wp-content\/uploads\/2021\/12\/Europa-Center-Berlin_20190225_IMG_9780_21_9.jpg 1280w, https:\/\/europa-center-berlin.de\/wp-content\/uploads\/2021\/12\/Europa-Center-Berlin_20190225_IMG_9780_21_9-768x329.jpg 768w\" sizes=\"(max-width: 1280px) 100vw, 1280px\" \/>\t\t\t\t\t\t\t\t\t\t\t\t\t\t\t<\/div>\n\t\t\t\t<\/div>\n\t\t\t\t<section class=\"elementor-section elementor-inner-section elementor-element elementor-element-0b604d0 elementor-section-boxed elementor-section-height-default elementor-section-height-default\" data-id=\"0b604d0\" data-element_type=\"section\" data-e-type=\"section\" data-settings=\"{&quot;jet_parallax_layout_list&quot;:[{&quot;jet_parallax_layout_image&quot;:{&quot;url&quot;:&quot;&quot;,&quot;id&quot;:&quot;&quot;,&quot;size&quot;:&quot;&quot;},&quot;_id&quot;:&quot;90a1af1&quot;,&quot;jet_parallax_layout_image_tablet&quot;:{&quot;url&quot;:&quot;&quot;,&quot;id&quot;:&quot;&quot;,&quot;size&quot;:&quot;&quot;},&quot;jet_parallax_layout_image_mobile&quot;:{&quot;url&quot;:&quot;&quot;,&quot;id&quot;:&quot;&quot;,&quot;size&quot;:&quot;&quot;},&quot;jet_parallax_layout_speed&quot;:{&quot;unit&quot;:&quot;%&quot;,&quot;size&quot;:50,&quot;sizes&quot;:[]},&quot;jet_parallax_layout_type&quot;:&quot;scroll&quot;,&quot;jet_parallax_layout_direction&quot;:&quot;1&quot;,&quot;jet_parallax_layout_fx_direction&quot;:null,&quot;jet_parallax_layout_z_index&quot;:&quot;&quot;,&quot;jet_parallax_layout_bg_x&quot;:50,&quot;jet_parallax_layout_bg_x_tablet&quot;:&quot;&quot;,&quot;jet_parallax_layout_bg_x_mobile&quot;:&quot;&quot;,&quot;jet_parallax_layout_bg_y&quot;:50,&quot;jet_parallax_layout_bg_y_tablet&quot;:&quot;&quot;,&quot;jet_parallax_layout_bg_y_mobile&quot;:&quot;&quot;,&quot;jet_parallax_layout_bg_size&quot;:&quot;auto&quot;,&quot;jet_parallax_layout_bg_size_tablet&quot;:&quot;&quot;,&quot;jet_parallax_layout_bg_size_mobile&quot;:&quot;&quot;,&quot;jet_parallax_layout_animation_prop&quot;:&quot;transform&quot;,&quot;jet_parallax_layout_on&quot;:[&quot;desktop&quot;,&quot;tablet&quot;]}]}\">\n\t\t\t\t\t\t<div class=\"elementor-container elementor-column-gap-no\">\n\t\t\t\t\t<div class=\"elementor-column elementor-col-100 elementor-inner-column elementor-element elementor-element-26ffd01\" data-id=\"26ffd01\" data-element_type=\"column\" data-e-type=\"column\" data-settings=\"{&quot;background_background&quot;:&quot;classic&quot;}\">\n\t\t\t<div class=\"elementor-widget-wrap elementor-element-populated\">\n\t\t\t\t\t\t<div class=\"elementor-element elementor-element-9553377 elementor-widget elementor-widget-heading\" data-id=\"9553377\" data-element_type=\"widget\" data-e-type=\"widget\" data-widget_type=\"heading.default\">\n\t\t\t\t<div class=\"elementor-widget-container\">\n\t\t\t\t\t<h1 class=\"elementor-heading-title elementor-size-large\">Kontakt<\/h1>\t\t\t\t<\/div>\n\t\t\t\t<\/div>\n\t\t\t\t\t<\/div>\n\t\t<\/div>\n\t\t\t\t\t<\/div>\n\t\t<\/section>\n\t\t\t\t\t<\/div>\n\t\t<\/div>\n\t\t\t\t\t<\/div>\n\t\t<\/section>\n\t\t\t\t<section class=\"elementor-section elementor-top-section elementor-element elementor-element-8ea9c5e elementor-section-boxed elementor-section-height-default elementor-section-height-default\" data-id=\"8ea9c5e\" data-element_type=\"section\" data-e-type=\"section\" data-settings=\"{&quot;jet_parallax_layout_list&quot;:[]}\">\n\t\t\t\t\t\t<div class=\"elementor-container elementor-column-gap-default\">\n\t\t\t\t\t<div class=\"elementor-column elementor-col-100 elementor-top-column elementor-element elementor-element-db035d3\" data-id=\"db035d3\" data-element_type=\"column\" data-e-type=\"column\">\n\t\t\t<div class=\"elementor-widget-wrap elementor-element-populated\">\n\t\t\t\t\t\t<div class=\"elementor-element elementor-element-83d14da elementor-hidden-mobile elementor-widget elementor-widget-global elementor-global-9825 elementor-widget-jet-mega-menu\" data-id=\"83d14da\" data-element_type=\"widget\" data-e-type=\"widget\" data-widget_type=\"jet-mega-menu.default\">\n\t\t\t\t<div class=\"elementor-widget-container\">\n\t\t\t\t\t<div class=\"menu-00_information_menu-container\"><div class=\"jet-menu-container\"><div class=\"jet-menu-inner\"><ul class=\"jet-menu jet-menu--animation-type-none jet-preset-9748 jet-menu--roll-up\"><li id=\"jet-menu-item-11204\" class=\"jet-menu-item jet-menu-item-type-custom jet-menu-item-object-custom jet-has-roll-up jet-simple-menu-item jet-regular-item jet-menu-item-11204\"><a href=\"\/oeffnungszeiten\/?sub=1\" class=\"top-level-link\"><div class=\"jet-menu-item-wrapper\"><div class=\"jet-menu-title\">\u00d6ffnungszeiten<\/div><\/div><\/a><\/li>\n<li id=\"jet-menu-item-11221\" class=\"jet-menu-item jet-menu-item-type-custom jet-menu-item-object-custom jet-has-roll-up jet-simple-menu-item jet-regular-item jet-menu-item-11221\"><a href=\"\/information\/parkhaus-v2\/?sub=1\" class=\"top-level-link\"><div class=\"jet-menu-item-wrapper\"><div class=\"jet-menu-title\">Anfahrt \/ Parken<\/div><\/div><\/a><\/li>\n<li id=\"jet-menu-item-11093\" class=\"jet-menu-item jet-menu-item-type-custom jet-menu-item-object-custom jet-has-roll-up jet-simple-menu-item jet-regular-item jet-menu-item-11093\"><a href=\"\/information\/innenplan\/?sub=1\" class=\"top-level-link\"><div class=\"jet-menu-item-wrapper\"><div class=\"jet-menu-title\">Centerplan<\/div><\/div><\/a><\/li>\n<li id=\"jet-menu-item-11222\" class=\"jet-menu-item jet-menu-item-type-custom jet-menu-item-object-custom jet-has-roll-up jet-simple-menu-item jet-regular-item jet-menu-item-11222\"><a href=\"\/information\/wir-ueber-uns\/?sub=1\" class=\"top-level-link\"><div class=\"jet-menu-item-wrapper\"><div class=\"jet-menu-title\">Wir \u00fcber uns<\/div><\/div><\/a><\/li>\n<li id=\"jet-menu-item-11224\" class=\"jet-menu-item jet-menu-item-type-custom jet-menu-item-object-custom jet-has-roll-up jet-simple-menu-item jet-regular-item jet-menu-item-11224\"><a href=\"\/information\/storytelling\/?sub=1\" class=\"top-level-link\"><div class=\"jet-menu-item-wrapper\"><div class=\"jet-menu-title\">Storytelling<\/div><\/div><\/a><\/li>\n<li id=\"jet-menu-item-11225\" class=\"jet-menu-item jet-menu-item-type-custom jet-menu-item-object-custom jet-has-roll-up jet-simple-menu-item jet-regular-item jet-menu-item-11225\"><a href=\"\/information\/office-tower-bueros\/?sub=1\" class=\"top-level-link\"><div class=\"jet-menu-item-wrapper\"><div class=\"jet-menu-title\">Office Tower B\u00fcros<\/div><\/div><\/a><\/li>\n<li id=\"jet-menu-item-11226\" class=\"jet-menu-item jet-menu-item-type-custom jet-menu-item-object-custom jet-has-roll-up jet-simple-menu-item jet-regular-item jet-menu-item-11226\"><a href=\"\/information\/sehenswuerdigkeiten\/?sub=1\" class=\"top-level-link\"><div class=\"jet-menu-item-wrapper\"><div class=\"jet-menu-title\">Sehensw\u00fcrdigkeiten<\/div><\/div><\/a><\/li>\n<li id=\"jet-menu-item-11227\" class=\"jet-menu-item jet-menu-item-type-custom jet-menu-item-object-custom jet-has-roll-up jet-simple-menu-item jet-regular-item jet-menu-item-11227\"><a href=\"\/information\/historie\/?sub=1\" class=\"top-level-link\"><div class=\"jet-menu-item-wrapper\"><div class=\"jet-menu-title\">Historie<\/div><\/div><\/a><\/li>\n<li id=\"jet-menu-item-12254\" class=\"jet-menu-item jet-menu-item-type-custom jet-menu-item-object-custom jet-has-roll-up jet-simple-menu-item jet-regular-item jet-menu-item-12254\"><a href=\"\/information\/kontakt\/?sub=1\" class=\"top-level-link\"><div class=\"jet-menu-item-wrapper\"><div class=\"jet-menu-title\">Kontakt<\/div><\/div><\/a><\/li>\n<\/ul><\/div><\/div><\/div>\t\t\t\t<\/div>\n\t\t\t\t<\/div>\n\t\t\t\t<div class=\"elementor-element elementor-element-7782505 elementor-widget elementor-widget-spacer\" data-id=\"7782505\" data-element_type=\"widget\" data-e-type=\"widget\" data-widget_type=\"spacer.default\">\n\t\t\t\t<div class=\"elementor-widget-container\">\n\t\t\t\t\t\t\t<div class=\"elementor-spacer\">\n\t\t\t<div class=\"elementor-spacer-inner\"><\/div>\n\t\t<\/div>\n\t\t\t\t\t\t<\/div>\n\t\t\t\t<\/div>\n\t\t\t\t\t<\/div>\n\t\t<\/div>\n\t\t\t\t\t<\/div>\n\t\t<\/section>\n\t\t\t\t<section class=\"elementor-section elementor-top-section elementor-element elementor-element-184ace5f elementor-section-boxed elementor-section-height-default elementor-section-height-default\" data-id=\"184ace5f\" data-element_type=\"section\" data-e-type=\"section\" data-settings=\"{&quot;jet_parallax_layout_list&quot;:[]}\">\n\t\t\t\t\t\t<div class=\"elementor-container elementor-column-gap-default\">\n\t\t\t\t\t<div class=\"elementor-column elementor-col-100 elementor-top-column elementor-element elementor-element-3f7985f4\" data-id=\"3f7985f4\" data-element_type=\"column\" data-e-type=\"column\">\n\t\t\t<div class=\"elementor-widget-wrap elementor-element-populated\">\n\t\t\t\t\t\t<div class=\"elementor-element elementor-element-4d91ed59 elementor-widget elementor-widget-text-editor\" data-id=\"4d91ed59\" data-element_type=\"widget\" data-e-type=\"widget\" data-widget_type=\"text-editor.default\">\n\t\t\t\t<div class=\"elementor-widget-container\">\n\t\t\t\t\t\t\t\t\t<h1>Organisation und Presse<\/h1><p>Werbegemeinschaft Europa Center<br \/>Tauentzienstr. 9-12<br \/>10789 Berlin<\/p><p>Tel:\u00a0<a href=\"tel:+493026495867\">+49 30 264 95 8 &#8211; 0<\/a><br \/>Email: <a class=\"mail\" href=\"mailto:info@europa-center-berlin.de\">info@europa-center-berlin.de<\/a><br \/>URL:\u00a0<a href=\"https:\/\/europa-center-berlin.de\/\">www.europa-center-berlin.de<\/a><\/p><h1>Vermietung von B\u00fcros und Ladengesch\u00e4ften<\/h1><p>EUROPAHAUS Grundst\u00fccksgesellschaft mbH &amp; Co KG<br \/>Ernst-Reuter-Platz 10<br \/>10587 Berlin<\/p><p>Tel:\u00a0<a href=\"tel:+493026495867\">+49 30 264 95 8 &#8211; 0<\/a><\/p><p>Gesch\u00e4ftsf\u00fchrer: Christian Pepper, Patrick Pepper, Steffen Tersch<br \/>Zust\u00e4ndige Aufsichtsbeh\u00f6rde: Amtsgericht Berlin Charlottenburg<br \/>Handelsregister: EUROPAHAUS Grundst\u00fccksgesellschaft KG, HRA 3<br \/>EUROPAHAUS Grundst\u00fccksgesellschaft GmbH, HRB 2514<br \/>USt-IdNr. DE1366667559<br \/>Im Office-Tower neben dem Europa Center k\u00f6nnen Sie ebenfalls B\u00fcros anmieten.<br \/>Weitere Informationen dazu finden Sie auf der Website des\u00a0<a class=\"external-link-new-window\" href=\"https:\/\/www.office-tower-berlin.de\/\" target=\"_blank\" rel=\"noopener noreferrer\">Office-Towers<\/a>.<\/p>\t\t\t\t\t\t\t\t<\/div>\n\t\t\t\t<\/div>\n\t\t\t\t\t<\/div>\n\t\t<\/div>\n\t\t\t\t\t<\/div>\n\t\t<\/section>\n\t\t\t\t<\/div>\n\t\t","protected":false},"excerpt":{"rendered":"<p>Kontakt \u00d6ffnungszeiten Anfahrt \/ Parken Centerplan Wir \u00fcber uns Storytelling Office Tower B\u00fcros Sehensw\u00fcrdigkeiten Historie Kontakt Organisation und Presse Werbegemeinschaft Europa CenterTauentzienstr. 9-1210789 Berlin Tel:\u00a0+49 30 264 95 8 &#8211; 0Email: info@europa-center-berlin.deURL:\u00a0www.europa-center-berlin.de Vermietung von B\u00fcros und Ladengesch\u00e4ften EUROPAHAUS Grundst\u00fccksgesellschaft mbH &amp; Co KGErnst-Reuter-Platz 1010587 Berlin Tel:\u00a0+49 30 264 95 8 &#8211; 0 Gesch\u00e4ftsf\u00fchrer: Christian Pepper, [&hellip;]<\/p>\n","protected":false},"author":1,"featured_media":0,"parent":9135,"menu_order":0,"comment_status":"closed","ping_status":"closed","template":"","meta":{"inline_featured_image":false,"_monsterinsights_skip_tracking":false,"_monsterinsights_sitenote_active":false,"_monsterinsights_sitenote_note":"","_monsterinsights_sitenote_category":0,"footnotes":""},"class_list":["post-991","page","type-page","status-publish","hentry"],"publishpress_future_action":{"enabled":false,"date":"2026-05-08 11:04:37","action":"change-status","newStatus":"draft","terms":[],"taxonomy":"","extraData":[]},"publishpress_future_workflow_manual_trigger":{"enabledWorkflows":[]},"_links":{"self":[{"href":"https:\/\/europa-center-berlin.de\/en\/wp-json\/wp\/v2\/pages\/991","targetHints":{"allow":["GET"]}}],"collection":[{"href":"https:\/\/europa-center-berlin.de\/en\/wp-json\/wp\/v2\/pages"}],"about":[{"href":"https:\/\/europa-center-berlin.de\/en\/wp-json\/wp\/v2\/types\/page"}],"author":[{"embeddable":true,"href":"https:\/\/europa-center-berlin.de\/en\/wp-json\/wp\/v2\/users\/1"}],"replies":[{"embeddable":true,"href":"https:\/\/europa-center-berlin.de\/en\/wp-json\/wp\/v2\/comments?post=991"}],"version-history":[{"count":6,"href":"https:\/\/europa-center-berlin.de\/en\/wp-json\/wp\/v2\/pages\/991\/revisions"}],"predecessor-version":[{"id":15213,"href":"https:\/\/europa-center-berlin.de\/en\/wp-json\/wp\/v2\/pages\/991\/revisions\/15213"}],"up":[{"embeddable":true,"href":"https:\/\/europa-center-berlin.de\/en\/wp-json\/wp\/v2\/pages\/9135"}],"wp:attachment":[{"href":"https:\/\/europa-center-berlin.de\/en\/wp-json\/wp\/v2\/media?parent=991"}],"curies":[{"name":"wp","href":"https:\/\/api.w.org\/{rel}","templated":true}]}}